{"id":4345,"date":"2025-09-27T16:25:21","date_gmt":"2025-09-27T14:25:21","guid":{"rendered":"https:\/\/finka.news\/imprint\/"},"modified":"2026-03-06T13:08:25","modified_gmt":"2026-03-06T12:08:25","slug":"imprint","status":"publish","type":"page","link":"https:\/\/finka.news\/en\/imprint\/","title":{"rendered":"Imprint"},"content":{"rendered":"<p>[et_pb_section fb_built=&#8221;1&#8243; theme_builder_area=&#8221;post_content&#8221; _builder_version=&#8221;4.27.4&#8243; _module_preset=&#8221;default&#8221; custom_padding=&#8221;0px|||||&#8221;][et_pb_row _builder_version=&#8221;4.27.4&#8243; _module_preset=&#8221;default&#8221; theme_builder_area=&#8221;post_content&#8221; custom_padding=&#8221;2px|||||&#8221;][et_pb_column _builder_version=&#8221;4.27.4&#8243; _module_preset=&#8221;default&#8221; type=&#8221;4_4&#8243; theme_builder_area=&#8221;post_content&#8221;][et_pb_text _builder_version=&#8221;4.27.4&#8243; _module_preset=&#8221;default&#8221; theme_builder_area=&#8221;post_content&#8221; text_font=&#8221;&#8211;et_global_body_font||||||||&#8221; hover_enabled=&#8221;0&#8243; sticky_enabled=&#8221;0&#8243;]<\/p>\n<div class=\"et_pb_row et_pb_row_0\">\n<div class=\"et_pb_column et_pb_column_4_4 et_pb_column_0  et_pb_css_mix_blend_mode_passthrough et-last-child\">\n<div class=\"et_pb_module et_pb_text et_pb_text_0  et_pb_text_align_left et_pb_bg_layout_light\">\n<div class=\"et_pb_text_inner\">\n<div id=\"fws_5e8f2f0a791ef\" class=\"wpb_row vc_row-fluid vc_row standard_section    \" data-midnight=\"\" data-column-margin=\"default\" data-bg-mobile-hidden=\"\">\n<div class=\"col span_12  left\">\n<div class=\"vc_col-sm-8 wpb_column column_container vc_column_container col no-extra-padding instance-2\" data-shadow=\"none\" data-border-radius=\"none\" data-border-animation=\"\" data-border-animation-delay=\"\" data-border-width=\"none\" data-border-style=\"solid\" data-border-color=\"\" data-bg-cover=\"\" data-padding-pos=\"all\" data-has-bg-color=\"false\" data-bg-color=\"\" data-bg-opacity=\"1\" data-hover-bg=\"\" data-hover-bg-opacity=\"1\" data-animation=\"\" data-delay=\"0\">\n<div class=\"vc_column-inner\">\n<div class=\"wpb_wrapper\">\n<h2 class=\"vc_custom_heading\">Imprint<\/h2>\n<\/div>\n<p><\/div>\n<p><\/div>\n<p><\/div>\n<p><\/div>\n<p><\/p>\n<div id=\"fws_5e8f2f0a7a5a9\" class=\"wpb_row vc_row-fluid vc_row standard_section    \" data-midnight=\"\" data-column-margin=\"default\" data-bg-mobile-hidden=\"\">\n<div class=\"col span_12  left\">\n<div class=\"vc_col-sm-2 wpb_column column_container vc_column_container col has-animation padding-3-percent instance-4 animated-in\" data-shadow=\"none\" data-border-radius=\"none\" data-border-animation=\"\" data-border-animation-delay=\"\" data-border-width=\"none\" data-border-style=\"solid\" data-border-color=\"\" data-bg-cover=\"\" data-padding-pos=\"top-bottom\" data-has-bg-color=\"false\" data-bg-color=\"\" data-bg-opacity=\"1\" data-hover-bg=\"\" data-hover-bg-opacity=\"1\" data-animation=\"fade-in-from-bottom\" data-delay=\"1000\">\n<div class=\"vc_column-inner\">\n<div class=\"wpb_wrapper\">All content on this website has been carefully reviewed.<\/div>\n<p><\/div>\n<p><\/div>\n<p><\/p>\n<div class=\"vc_col-sm-8 wpb_column column_container vc_column_container col has-animation no-extra-padding instance-5 animated-in\" data-shadow=\"none\" data-border-radius=\"none\" data-border-animation=\"\" data-border-animation-delay=\"\" data-border-width=\"none\" data-border-style=\"solid\" data-border-color=\"\" data-bg-cover=\"\" data-padding-pos=\"all\" data-has-bg-color=\"false\" data-bg-color=\"\" data-bg-opacity=\"1\" data-hover-bg=\"\" data-hover-bg-opacity=\"1\" data-animation=\"fade-in-from-left\" data-delay=\"1000\">\n<div class=\"vc_column-inner\">\n<div class=\"wpb_wrapper\">\n<div class=\"wpb_text_column wpb_content_element  vc_custom_1560344678087\">\n<div class=\"wpb_wrapper\">\n<p>Dennoch kann keine Haftung oder Garantie auf Vollst\u00e4ndigkeit oder Richtigkeit der Inhalte \u00fcbernommen werden.<\/p>\n<p>Dies gilt auch f\u00fcr s\u00e4mtliche Webseiten, welche mittels Hyperlinks erreicht werden.<\/p>\n<p>Auch f\u00fcr die Inhalte dieser verlinkten Seiten \u00fcbernimmt die Sozialgenossenschaft ViSo keine Verantwortung.<\/p>\n<p>Das Copyright betreffend Internetkonzept, grafisches Layout, Programmierung, Bilder, Texte, usw, dieser Website ist Eigentum der Sozialgenossenschaft ViSO.<\/p>\n<p>Jede Verwendung ohne schriftliche Genehmigung ist untersagt.<\/p>\n<p>Vorliegendes Impressum gilt ebenso als Impressums-Nachweis f\u00fcr vom Seiteninhaber betriebene Social-Media-Plattformen wie Facebook, YouTube, Twitter, Blogs oder anderweitige Kommunikationskan\u00e4le.<\/p>\n<p>&nbsp;<\/p>\n<h2>Eigent\u00fcmer und Herausgeber der Seite<\/h2>\n<p><strong>Gesch\u00e4ftsf\u00fchrer: Sascha Plangger<\/strong><br \/>VINSCHGER SOZIALGENOSSENSCHAFT VISO<br \/>BAHNHOFSTRASSE 21<br \/>39024 MALS<\/p>\n<p>Tel. +39 0473 831 551<br \/>Mobil +39 333 560 8876<br \/>e-mail: info@vi-so.org<br \/>Zep: viso@pec.it<\/p>\n<p>Empf\u00e4ngerkodex:<strong>\u00a0T04ZHR3<\/strong><\/p>\n<p>Eingetragen im Handelsregister Bozen mit der MwSt.- Nr.\u00a0<strong>02805260219<\/strong><\/p>\n<p>Eingetragen im Verzeichnis der Wirtschafts- und Verwaltungsdaten mit der Nr. BZ \u2013\u00a0<strong>207114<\/strong><\/p>\n<p>Eintragung in das Landesregister der genossenschaftlichen K\u00f6rperschaften<br \/>Sektion: Genossenschaft mit mehrheitlich mitgliederbezogener T\u00e4tigkeit<br \/>Kategorie: Sozialgenossenschaft f\u00fcr die Durchf\u00fchrung von T\u00e4tigkeiten zwecks Aufnahme von benachteiligten Arbeitnehmern in den Arbeitsmarkt<\/p>\n<p>Eintragungszahl:\u00a0<strong>A229088<\/strong><\/p>\n<p><strong>Konzept\/Webdesign, Textproduktion und \u00dcbersetzung\u00a0<\/strong><br \/>Sascha Plangger<\/p>\n<p><strong>Programmierung:<\/strong><br \/>Sascha Plangger<\/p>\n<p><strong>Copyright Bilder und Video:<\/strong>\u00a0<\/p>\n<p>\u00a9 Sascha Plangger<\/p>\n<p>TRANSPARENZ Ver\u00f6ffentlichungspflicht \/ TRANSPARENZA obblighi di pubblicazione (legge 4 agosto 2017, n. 124)<\/p>\n<p><a title=\"Beitr\u00e4ge \/ contributi\" href=\"https:\/\/www.vi-so.org\/wp-content\/uploads\/2024\/08\/Transparenz-Ges.-124-2017-VISO.pdf\" target=\"_blank\" rel=\"attachment wp-att-9174 noopener noreferrer\">2023 Transparenz Ges. 124 \u2013 2017 (VISO)<\/a><br \/><a href=\"https:\/\/www.vi-so.org\/wp-content\/uploads\/2025\/07\/2024-Beitragsliste-gemaess-Transparenzpflicht.pdf\" target=\"_blank\" rel=\"noopener\">2024 Transparenz Ges. 124 \u2013 2017 (VISO)<\/a><\/p>\n<\/div>\n<p><\/div>\n<p><\/div>\n<p><\/div>\n<p><\/div>\n<p><\/div>\n<p><\/div>\n<p><\/div>\n<p><\/div>\n<p><\/div>\n<p><\/div>\n<p>[\/et_pb_text][\/et_pb_column][\/et_pb_row][\/et_pb_section]<\/p>\n","protected":false},"excerpt":{"rendered":"<p>Imprint All content on this website has been carefully reviewed. Dennoch kann keine Haftung oder Garantie auf Vollst\u00e4ndigkeit oder Richtigkeit der Inhalte \u00fcbernommen werden. Dies gilt auch f\u00fcr s\u00e4mtliche Webseiten, welche mittels Hyperlinks erreicht werden. Auch f\u00fcr die Inhalte dieser verlinkten Seiten \u00fcbernimmt die Sozialgenossenschaft ViSo keine Verantwortung. Das Copyright betreffend Internetkonzept, grafisches Layout, Programmierung, [&hellip;]<\/p>\n","protected":false},"author":2,"featured_media":0,"parent":0,"menu_order":0,"comment_status":"closed","ping_status":"closed","template":"","meta":{"_et_pb_use_builder":"on","_et_pb_old_content":"","_et_gb_content_width":"","footnotes":""},"class_list":["post-4345","page","type-page","status-publish","hentry"],"_links":{"self":[{"href":"https:\/\/finka.news\/en\/wp-json\/wp\/v2\/pages\/4345","targetHints":{"allow":["GET"]}}],"collection":[{"href":"https:\/\/finka.news\/en\/wp-json\/wp\/v2\/pages"}],"about":[{"href":"https:\/\/finka.news\/en\/wp-json\/wp\/v2\/types\/page"}],"author":[{"embeddable":true,"href":"https:\/\/finka.news\/en\/wp-json\/wp\/v2\/users\/2"}],"replies":[{"embeddable":true,"href":"https:\/\/finka.news\/en\/wp-json\/wp\/v2\/comments?post=4345"}],"version-history":[{"count":1,"href":"https:\/\/finka.news\/en\/wp-json\/wp\/v2\/pages\/4345\/revisions"}],"predecessor-version":[{"id":4346,"href":"https:\/\/finka.news\/en\/wp-json\/wp\/v2\/pages\/4345\/revisions\/4346"}],"wp:attachment":[{"href":"https:\/\/finka.news\/en\/wp-json\/wp\/v2\/media?parent=4345"}],"curies":[{"name":"wp","href":"https:\/\/api.w.org\/{rel}","templated":true}]}}